{"id":99,"date":"2026-04-05T12:32:38","date_gmt":"2026-04-05T12:32:38","guid":{"rendered":"https:\/\/escuelacocholgue.cl\/wp\/?page_id=99"},"modified":"2026-04-05T12:32:39","modified_gmt":"2026-04-05T12:32:39","slug":"contacto","status":"publish","type":"page","link":"https:\/\/escuelacocholgue.cl\/wp\/?page_id=99","title":{"rendered":"Contacto"},"content":{"rendered":"\n<p>\u00a1Estamos para ayudarte! Si tienes alguna consulta, sugerencia o necesitas m\u00e1s informaci\u00f3n sobre nuestra escuela, no dudes en contactarnos.<\/p>\n\n\n\n<p>&#x1f4cd; DIRECCI\u00d3NAvenida Estadio S\/N, Cocholg\u00fce, Tom\u00e9Regi\u00f3n del Biob\u00edo, Chile&#x1f4de; TEL\u00c9FONO+56 9 6759 3948<\/p>\n\n\n\n<p>&#x1f4e7; CORREO ELECTR\u00d3NICOdireccion@escuelacocholgue.cl<\/p>\n\n\n\n<p>&#x1f550; HORARIO DE ATENCI\u00d3NLunes a Viernes8:30 a 15:45 horas<\/p>\n\n\n\n<p>&#x1f4d8; S\u00cdGUENOS EN FACEBOOKfacebook.com\/profile.php?id=100063597550156\u00a1<\/p>\n\n\n\n<p>Te esperamos en la Escuela Cocholg\u00fce, educando junto al mar! &#x1f30a;<\/p>\n","protected":false},"excerpt":{"rendered":"<p>\u00a1Estamos para ayudarte! Si tienes alguna consulta, sugerencia o necesitas m\u00e1s informaci\u00f3n sobre nuestra escuela, no dudes en contactarnos. &#x1f4cd; DIRECCI\u00d3NAvenida Estadio S\/N, Cocholg\u00fce, Tom\u00e9Regi\u00f3n del Biob\u00edo, Chile&#x1f4de; TEL\u00c9FONO+56 9 6759 3948 &#x1f4e7; CORREO ELECTR\u00d3NICOdireccion@escuelacocholgue.cl &#x1f550; HORARIO DE ATENCI\u00d3NLunes a Viernes8:30 a 15:45 horas &#x1f4d8; S\u00cdGUENOS EN FACEBOOKfacebook.com\/profile.php?id=100063597550156\u00a1 Te esperamos en la Escuela Cocholg\u00fce, educando&hellip;<\/p>\n","protected":false},"author":1,"featured_media":0,"parent":0,"menu_order":0,"comment_status":"closed","ping_status":"closed","template":"","meta":{"footnotes":""},"class_list":["post-99","page","type-page","status-publish","hentry"],"_links":{"self":[{"href":"https:\/\/escuelacocholgue.cl\/wp\/index.php?rest_route=\/wp\/v2\/pages\/99","targetHints":{"allow":["GET"]}}],"collection":[{"href":"https:\/\/escuelacocholgue.cl\/wp\/index.php?rest_route=\/wp\/v2\/pages"}],"about":[{"href":"https:\/\/escuelacocholgue.cl\/wp\/index.php?rest_route=\/wp\/v2\/types\/page"}],"author":[{"embeddable":true,"href":"https:\/\/escuelacocholgue.cl\/wp\/index.php?rest_route=\/wp\/v2\/users\/1"}],"replies":[{"embeddable":true,"href":"https:\/\/escuelacocholgue.cl\/wp\/index.php?rest_route=%2Fwp%2Fv2%2Fcomments&post=99"}],"version-history":[{"count":1,"href":"https:\/\/escuelacocholgue.cl\/wp\/index.php?rest_route=\/wp\/v2\/pages\/99\/revisions"}],"predecessor-version":[{"id":100,"href":"https:\/\/escuelacocholgue.cl\/wp\/index.php?rest_route=\/wp\/v2\/pages\/99\/revisions\/100"}],"wp:attachment":[{"href":"https:\/\/escuelacocholgue.cl\/wp\/index.php?rest_route=%2Fwp%2Fv2%2Fmedia&parent=99"}],"curies":[{"name":"wp","href":"https:\/\/api.w.org\/{rel}","templated":true}]}}