{"id":67,"date":"2026-04-05T01:14:49","date_gmt":"2026-04-05T01:14:49","guid":{"rendered":"https:\/\/escuelacocholgue.cl\/wp\/?page_id=67"},"modified":"2026-04-05T02:01:42","modified_gmt":"2026-04-05T02:01:42","slug":"quienes-somos","status":"publish","type":"page","link":"https:\/\/escuelacocholgue.cl\/wp\/","title":{"rendered":"Quienes somos"},"content":{"rendered":"\n<p>La Escuela B\u00e1sica Cocholg\u00fce est\u00e1 ubicada en el hermoso borde costero de la Caleta Cocholg\u00fce, en la comuna de Tom\u00e9, Regi\u00f3n del Biob\u00edo. Con m\u00e1s de 80 a\u00f1os de historia registrada, somos una comunidad educativa comprometida con la formaci\u00f3n integral de nuestros estudiantes, desde Educaci\u00f3n Parvularia hasta 8\u00b0 B\u00e1sico.<br>Nuestra escuela naci\u00f3 junto al mar y ha crecido con \u00e9l. Hemos superado terremotos, traslados y desaf\u00edos, siempre con el firme prop\u00f3sito de entregar educaci\u00f3n de calidad a los ni\u00f1os y ni\u00f1as de nuestra comunidad costera.<\/p>\n\n\n\n<p>NUESTRA MISI\u00d3N<br>Proveer una educaci\u00f3n integral que fomente el desarrollo de competencias para el siglo XXI, como el pensamiento cr\u00edtico, la creatividad, la colaboraci\u00f3n y la innovaci\u00f3n, en un ambiente que fortalezca las habilidades socioemocionales y el respeto por el medio ambiente. Promovemos pr\u00e1cticas sostenibles y el v\u00ednculo con la comunidad, inspirando a nuestros estudiantes a cuidar y valorar la Caleta Cocholg\u00fce.<\/p>\n\n\n\n<p><br>NUESTRA VISI\u00d3N<br>Ser una escuela l\u00edder en la formaci\u00f3n de estudiantes con habilidades del siglo XXI, capaces de enfrentar los desaf\u00edos del mundo globalizado, con un fuerte compromiso socioemocional y ambiental, promoviendo el cuidado y la preservaci\u00f3n del entorno \u00fanico de la Caleta Cocholg\u00fce como parte esencial de su identidad cultural.<\/p>\n\n\n\n<p>NUESTROS VALORES<br>\u2022 Respeto: Valoramos la individualidad de cada miembro de nuestra comunidad educativa.<br>\u2022 Empat\u00eda: Promovemos la comprensi\u00f3n y el apoyo en todas nuestras relaciones.<br>\u2022 Co-Responsabilidad: La educaci\u00f3n es un trabajo conjunto entre la escuela, la familia y la comunidad.<br>\u2022 Sana Convivencia: Apostamos por un ambiente de aprendizaje que favorezca el bienestar de todos.<br>\u2022 Compromiso: Con la educaci\u00f3n, el medio ambiente y el bienestar de la comunidad de Cocholg\u00fce.<\/p>\n\n\n\n<p><br>NUESTROS SELLOS EDUCATIVOS<br>&#x1f3af; Desarrollo de competencias del Siglo XXI<br>&#x2764;&#xfe0f; Desarrollo Socioemocional<br>&#x1f33f; Cuidado del Medio Ambiente y Sostenibilidad<br>&#x1f30a; Identidad Local y Pertenencia a la Caleta Cocholg\u00fce<\/p>\n\n\n\n<p>NUESTRO EQUIPO DIRECTIVO<br>&#x1f469;&#x200d;&#x1f4bc; Directora: Joselin Godoy Cabrera<br>&#x1f469;&#x200d;&#x1f4bc; Inspector General: Francisco Puentes Rifo <br>&#x1f469;&#x200d;&#x1f4bc; Jefa de UTP: Marisol Moncada Torres<br>&#x1f469;&#x200d;&#x1f4bc; Coordinadora PIE: Carex D\u00edaz Cisterna <br>&#x1f469;&#x200d;&#x1f4bc; Encargada de Convivencia Escolar: Mar\u00eda Eugenia Verdugo Bustos<\/p>\n","protected":false},"excerpt":{"rendered":"<p>La Escuela B\u00e1sica Cocholg\u00fce est\u00e1 ubicada en el hermoso borde costero de la Caleta Cocholg\u00fce, en la comuna de Tom\u00e9, Regi\u00f3n del Biob\u00edo. Con m\u00e1s de 80 a\u00f1os de historia registrada, somos una comunidad educativa comprometida con la formaci\u00f3n integral de nuestros estudiantes, desde Educaci\u00f3n Parvularia hasta 8\u00b0 B\u00e1sico.Nuestra escuela naci\u00f3 junto al mar y&hellip;<\/p>\n","protected":false},"author":1,"featured_media":0,"parent":0,"menu_order":0,"comment_status":"open","ping_status":"closed","template":"","meta":{"footnotes":""},"class_list":["post-67","page","type-page","status-publish","hentry"],"_links":{"self":[{"href":"https:\/\/escuelacocholgue.cl\/wp\/index.php?rest_route=\/wp\/v2\/pages\/67","targetHints":{"allow":["GET"]}}],"collection":[{"href":"https:\/\/escuelacocholgue.cl\/wp\/index.php?rest_route=\/wp\/v2\/pages"}],"about":[{"href":"https:\/\/escuelacocholgue.cl\/wp\/index.php?rest_route=\/wp\/v2\/types\/page"}],"author":[{"embeddable":true,"href":"https:\/\/escuelacocholgue.cl\/wp\/index.php?rest_route=\/wp\/v2\/users\/1"}],"replies":[{"embeddable":true,"href":"https:\/\/escuelacocholgue.cl\/wp\/index.php?rest_route=%2Fwp%2Fv2%2Fcomments&post=67"}],"version-history":[{"count":3,"href":"https:\/\/escuelacocholgue.cl\/wp\/index.php?rest_route=\/wp\/v2\/pages\/67\/revisions"}],"predecessor-version":[{"id":71,"href":"https:\/\/escuelacocholgue.cl\/wp\/index.php?rest_route=\/wp\/v2\/pages\/67\/revisions\/71"}],"wp:attachment":[{"href":"https:\/\/escuelacocholgue.cl\/wp\/index.php?rest_route=%2Fwp%2Fv2%2Fmedia&parent=67"}],"curies":[{"name":"wp","href":"https:\/\/api.w.org\/{rel}","templated":true}]}}