{"id":2,"date":"2025-04-12T03:13:36","date_gmt":"2025-04-12T03:13:36","guid":{"rendered":"https:\/\/escuelacocholgue.cl\/wp\/?page_id=2"},"modified":"2025-05-23T20:44:38","modified_gmt":"2025-05-23T20:44:38","slug":"sample-page","status":"publish","type":"page","link":"https:\/\/escuelacocholgue.cl\/wp\/?page_id=2","title":{"rendered":"Bienvenidos"},"content":{"rendered":"\n<p>\u00a1Les damos la m\u00e1s cordial bienvenida a nuestro sitio web oficial!<\/p>\n\n\n\n<p>La <strong>Escuela de Cocholg\u00fce<\/strong>, ubicada en el hermoso borde costero de Tom\u00e9, es un espacio de aprendizaje, crecimiento y encuentro para toda nuestra comunidad educativa. Con un firme compromiso con la excelencia acad\u00e9mica, la formaci\u00f3n val\u00f3rica y el respeto por nuestro entorno natural y cultural, trabajamos d\u00eda a d\u00eda para entregar a nuestros estudiantes las herramientas que necesitan para construir un futuro lleno de oportunidades.<\/p>\n\n\n\n<p>Este espacio ha sido creado para acercar a familias, estudiantes y comunidad en general a la vida escolar: aqu\u00ed podr\u00e1n encontrar noticias, actividades, informaci\u00f3n relevante y recursos educativos que reflejan el quehacer diario de nuestra escuela.<\/p>\n\n\n\n<p>Los invitamos a recorrer nuestro sitio, a ser parte activa de nuestra comunidad y a compartir con nosotros el orgullo de pertenecer a la <strong>Escuela  de Cocholg\u00fce<\/strong>.<\/p>\n\n\n\n<p><strong>\u00a1Bienvenidos!<\/strong><\/p>\n\n\n\n<p><\/p>\n","protected":false},"excerpt":{"rendered":"<p>\u00a1Les damos la m\u00e1s cordial bienvenida a nuestro sitio web oficial! La Escuela de Cocholg\u00fce, ubicada en el hermoso borde costero de Tom\u00e9, es un espacio de aprendizaje, crecimiento y encuentro para toda nuestra comunidad educativa. Con un firme compromiso con la excelencia acad\u00e9mica, la formaci\u00f3n val\u00f3rica y el respeto por nuestro entorno natural y&hellip;<\/p>\n","protected":false},"author":1,"featured_media":0,"parent":0,"menu_order":0,"comment_status":"closed","ping_status":"open","template":"","meta":{"footnotes":""},"class_list":["post-2","page","type-page","status-publish","hentry"],"_links":{"self":[{"href":"https:\/\/escuelacocholgue.cl\/wp\/index.php?rest_route=\/wp\/v2\/pages\/2","targetHints":{"allow":["GET"]}}],"collection":[{"href":"https:\/\/escuelacocholgue.cl\/wp\/index.php?rest_route=\/wp\/v2\/pages"}],"about":[{"href":"https:\/\/escuelacocholgue.cl\/wp\/index.php?rest_route=\/wp\/v2\/types\/page"}],"author":[{"embeddable":true,"href":"https:\/\/escuelacocholgue.cl\/wp\/index.php?rest_route=\/wp\/v2\/users\/1"}],"replies":[{"embeddable":true,"href":"https:\/\/escuelacocholgue.cl\/wp\/index.php?rest_route=%2Fwp%2Fv2%2Fcomments&post=2"}],"version-history":[{"count":2,"href":"https:\/\/escuelacocholgue.cl\/wp\/index.php?rest_route=\/wp\/v2\/pages\/2\/revisions"}],"predecessor-version":[{"id":34,"href":"https:\/\/escuelacocholgue.cl\/wp\/index.php?rest_route=\/wp\/v2\/pages\/2\/revisions\/34"}],"wp:attachment":[{"href":"https:\/\/escuelacocholgue.cl\/wp\/index.php?rest_route=%2Fwp%2Fv2%2Fmedia&parent=2"}],"curies":[{"name":"wp","href":"https:\/\/api.w.org\/{rel}","templated":true}]}}