{"id":115,"date":"2026-04-05T14:22:01","date_gmt":"2026-04-05T14:22:01","guid":{"rendered":"https:\/\/escuelacocholgue.cl\/wp\/?page_id=115"},"modified":"2026-04-05T14:22:02","modified_gmt":"2026-04-05T14:22:02","slug":"matricula","status":"publish","type":"page","link":"https:\/\/escuelacocholgue.cl\/wp\/?page_id=115","title":{"rendered":"Matr\u00edcula"},"content":{"rendered":"\n<p>\u00a1Bienvenidos al proceso de matr\u00edcula de la Escuela Cocholg\u00fce! <\/p>\n\n\n\n<p>Nos alegra que quieras ser parte de nuestra comunidad educativa. Aqu\u00ed encontrar\u00e1s toda la informaci\u00f3n necesaria para matricular a tu hijo o hija.<\/p>\n\n\n\n<p>&#x1f4da; NIVELES QUE ATENDEMOS<\/p>\n\n\n\n<p>\u2022 Educaci\u00f3n Parvularia: Pre K\u00ednder y K\u00ednder<\/p>\n\n\n\n<p>\u2022 Educaci\u00f3n B\u00e1sica: 1\u00b0 a 8\u00b0 B\u00e1sico**<\/p>\n\n\n\n<p>&#x1f550; HORARIO DE ATENCI\u00d3N PARA MATR\u00cdCULA**Lunes a Viernes8:30 a 15:45 horas**<\/p>\n\n\n\n<p>&#x1f4cb; DOCUMENTOS NECESARIOS<\/p>\n\n\n\n<p>Documentos para postular a mi hijo en un colegio.<\/p>\n\n\n\n<p>Para postular a tu hijo a un colegio en Chile a trav\u00e9s del Sistema de Admisi\u00f3n Escolar (SAE) (2026), necesitas principalmente la c\u00e9dula de identidad del apoderado y del estudiante. Si el estudiante es extranjero y no tiene RUT, deber\u00e1s solicitar un Identificador Provisorio Escolar (IPE) y para el apoderado un IPA en la plataforma oficial.<\/p>\n\n\n\n<p>Documentos necesarios para el proceso (SAE):<\/p>\n\n\n\n<p>C\u00e9dula de Identidad: Del apoderado y del estudiante (si tienen RUT chileno).Identificador Provisorio (IPE\/IPA): Para extranjeros sin RUT, tramitar IPE (estudiante) e IPA (apoderado) en www.sistemadeadmisionescolar.cl.Datos personales: Fecha de nacimiento, nacionalidad y direcci\u00f3n. <\/p>\n\n\n\n<p>Documentos para la matr\u00edcula (si es aceptado):Una vez aceptado, deber\u00e1s presentar en el colegio: Certificado de nacimiento para asignaci\u00f3n familiar o c\u00e9dula de identidad.C\u00e9dula de identidad del apoderado.Certificado de estudios del a\u00f1o anterior (generalmente solicitado por el colegio). La postulaci\u00f3n se realiza en el sitio web www.sistemadeadmisionescolar.cl, donde debes registrarte como apoderado.<\/p>\n\n\n\n<p>&#x1f4de; M\u00c1S INFORMACI\u00d3N<\/p>\n\n\n\n<p>Para consultas sobre el proceso de matr\u00edcula cont\u00e1ctanos:Tel\u00e9fono: +56 9 6759 3948<\/p>\n\n\n\n<p>Email: direccion@escuelacocholgue.cl <\/p>\n\n\n\n<p>\u00a1Te esperamos en la Escuela Cocholg\u00fce! &#x1f30a;<\/p>\n","protected":false},"excerpt":{"rendered":"<p>\u00a1Bienvenidos al proceso de matr\u00edcula de la Escuela Cocholg\u00fce! Nos alegra que quieras ser parte de nuestra comunidad educativa. Aqu\u00ed encontrar\u00e1s toda la informaci\u00f3n necesaria para matricular a tu hijo o hija. &#x1f4da; NIVELES QUE ATENDEMOS \u2022 Educaci\u00f3n Parvularia: Pre K\u00ednder y K\u00ednder \u2022 Educaci\u00f3n B\u00e1sica: 1\u00b0 a 8\u00b0 B\u00e1sico** &#x1f550; HORARIO DE ATENCI\u00d3N PARA&hellip;<\/p>\n","protected":false},"author":1,"featured_media":0,"parent":0,"menu_order":0,"comment_status":"closed","ping_status":"closed","template":"","meta":{"footnotes":""},"class_list":["post-115","page","type-page","status-publish","hentry"],"_links":{"self":[{"href":"https:\/\/escuelacocholgue.cl\/wp\/index.php?rest_route=\/wp\/v2\/pages\/115","targetHints":{"allow":["GET"]}}],"collection":[{"href":"https:\/\/escuelacocholgue.cl\/wp\/index.php?rest_route=\/wp\/v2\/pages"}],"about":[{"href":"https:\/\/escuelacocholgue.cl\/wp\/index.php?rest_route=\/wp\/v2\/types\/page"}],"author":[{"embeddable":true,"href":"https:\/\/escuelacocholgue.cl\/wp\/index.php?rest_route=\/wp\/v2\/users\/1"}],"replies":[{"embeddable":true,"href":"https:\/\/escuelacocholgue.cl\/wp\/index.php?rest_route=%2Fwp%2Fv2%2Fcomments&post=115"}],"version-history":[{"count":1,"href":"https:\/\/escuelacocholgue.cl\/wp\/index.php?rest_route=\/wp\/v2\/pages\/115\/revisions"}],"predecessor-version":[{"id":116,"href":"https:\/\/escuelacocholgue.cl\/wp\/index.php?rest_route=\/wp\/v2\/pages\/115\/revisions\/116"}],"wp:attachment":[{"href":"https:\/\/escuelacocholgue.cl\/wp\/index.php?rest_route=%2Fwp%2Fv2%2Fmedia&parent=115"}],"curies":[{"name":"wp","href":"https:\/\/api.w.org\/{rel}","templated":true}]}}